{"id":7,"date":"2016-02-17T17:23:19","date_gmt":"2016-02-17T17:23:19","guid":{"rendered":"http:\/\/demowp.cththemes.net\/monolit\/?page_id=7"},"modified":"2021-04-07T14:47:52","modified_gmt":"2021-04-07T17:47:52","slug":"home-image","status":"publish","type":"page","link":"https:\/\/fabiobresciaarquitetura.com.br\/","title":{"rendered":"Home Image"},"content":{"rendered":"<p>[vc_row full_width=&#8221;stretch_row&#8221; cth_layout=&#8221;monolit_fullheight_sec&#8221;][vc_column css=&#8221;.vc_custom_1455730804223{padding-right: 0px !important;padding-left: 0px !important;}&#8221;][monolit_home_image bgimg=&#8221;523&#8243;]<\/p>\n<h2>Fabio Brescia<\/h2>\n<h3>Arquitetura<\/h3>\n<p>[\/monolit_home_image][\/vc_column][\/vc_row][vc_row cth_layout=&#8221;monolit_page_sec&#8221; sec_number=&#8221;01&#8243; el_id=&#8221;sec1&#8243;][vc_column offset=&#8221;vc_col-md-4&#8243;][monolit_carousel_slider_multiimgs slideimages=&#8221;46,45,44&#8243;][\/vc_column][vc_column offset=&#8221;vc_col-md-8&#8243;][vc_column_text]<\/p>\n<h2 class=\"section-title\"><strong>Bem vindos<br \/>\n<\/strong><\/h2>\n<p class=\"no-rep\">Our team takes over everything, from an idea and concept development to realization. We believe in traditions and incorporate them within our innovations. All our projects incorporate a unique artistic image and functional solutions. Client is the soul of the project. Our main goal is to illustrate his\/hers values and individuality through design.<\/p>\n<p class=\"no-rep\">Our team takes over everything, from an idea and concept development to realization. We believe in traditions and incorporate them within our innovations. All our projects incorporate a unique artistic image and functional solutions. Client is the soul of the project. Our main goal is to illustrate his\/hers values and individuality through design.<\/p>\n<div class=\"process-box\">\n<h3>Nosso processo<\/h3>\n<ul class=\"creat-list\">\n<li><a href=\"#\">Ideias<\/a><\/li>\n<li><a href=\"#\">Desenhos e cria\u00e7\u00e3o<\/a><\/li>\n<li><a href=\"#\">Constru\u00e7\u00e3o e finaliza\u00e7\u00e3o<\/a><\/li>\n<\/ul>\n<\/div>\n<div><a class=\"btn anim-button fl-l\" href=\"portfolio.html\"><span class=\"no-rep\">Veja nosso portfolio<\/span><\/a><\/div>\n<p>[\/vc_column_text][\/vc_column][\/vc_row][vc_row cth_layout=&#8221;monolit_page_dark_sec&#8221; parallax_inner_op=&#8221;0.8&#8243; sec_number=&#8221;02&#8243; sec_number_pos=&#8221;left&#8221; parallax_inner=&#8221;10&#8243;][vc_column][vc_row_inner][vc_column_inner offset=&#8221;vc_col-md-4&#8243;][vc_column_text]<\/p>\n<h2 class=\"section-title\">Some Interisting <strong> Facts<\/strong><\/h2>\n<p>[\/vc_column_text][\/vc_column_inner][vc_column_inner offset=&#8221;vc_col-md-8&#8243;][vc_column_text]<\/p>\n<p class=\"no-rep\">Our team takes over everything, from an idea and concept development to realization. We believe in traditions and incorporate them within our innovations. All our projects incorporate a unique artistic image and functional solutions. Client is the soul of the project. Our main goal is to illustrate his\/hers values and individuality through design.<\/p>\n<p>[\/vc_column_text][\/vc_column_inner][\/vc_row_inner][vc_row_inner][vc_column_inner offset=&#8221;vc_col-md-4&#8243;][\/vc_column_inner][vc_column_inner el_class=&#8221;inline-facts-holder row&#8221; offset=&#8221;vc_col-md-8&#8243;][cth_counter]<\/p>\n<h6>Finished projects<\/h6>\n<p>[\/cth_counter][cth_counter number=&#8221;168&#8243; parallax_value=&#8221;80&#8243;]<\/p>\n<h6>Happy customers<\/h6>\n<p>[\/cth_counter][cth_counter number=&#8221;222&#8243; parallax_value=&#8221;100&#8243;]<\/p>\n<h6>Working hours<\/h6>\n<p>[\/cth_counter][\/vc_column_inner][\/vc_row_inner][\/vc_column][\/vc_row][vc_row cth_layout=&#8221;monolit_page_sec&#8221; sec_number=&#8221;03&#8243;][vc_column][vc_column_text]<\/p>\n<h2 class=\"section-title algn-right dec-title\"><span class=\"no-rep\">Our featured <strong> Works<\/strong><\/span><\/h2>\n<p>[\/vc_column_text][monolit_portfolios_parallax view_all_link=&#8221;http:\/\/demowp.cththemes.net\/monolit\/portfolio-horizontal\/&#8221; ids=&#8221;60,61,62&#8243;][\/vc_column][\/vc_row]<\/p>\n","protected":false},"excerpt":{"rendered":"<p>[vc_row full_width=&#8221;stretch_row&#8221; cth_layout=&#8221;monolit_fullheight_sec&#8221;][vc_column css=&#8221;.vc_custom_1455730804223{padding-right: 0px !important;padding-left: 0px !important;}&#8221;][monolit_home_image bgimg=&#8221;523&#8243;] Fabio Brescia Arquitetura [\/monolit_home_image][\/vc_column][\/vc_row][vc_row cth_layout=&#8221;monolit_page_sec&#8221; sec_number=&#8221;01&#8243; el_id=&#8221;sec1&#8243;][vc_column offset=&#8221;vc_col-md-4&#8243;][monolit_carousel_slider_multiimgs slideimages=&#8221;46,45,44&#8243;][\/vc_column][vc_column offset=&#8221;vc_col-md-8&#8243;][vc_column_text] Bem vindos Our team takes over everything, from an idea and concept development to realization. We believe in traditions and incorporate them within our innovations. All our projects incorporate a unique artistic image and functional solutions. [&hellip;]<\/p>\n","protected":false},"author":1,"featured_media":0,"parent":0,"menu_order":0,"comment_status":"closed","ping_status":"closed","template":"homepage.php","meta":[],"_links":{"self":[{"href":"https:\/\/fabiobresciaarquitetura.com.br\/index.php?rest_route=\/wp\/v2\/pages\/7"}],"collection":[{"href":"https:\/\/fabiobresciaarquitetura.com.br\/index.php?rest_route=\/wp\/v2\/pages"}],"about":[{"href":"https:\/\/fabiobresciaarquitetura.com.br\/index.php?rest_route=\/wp\/v2\/types\/page"}],"author":[{"embeddable":true,"href":"https:\/\/fabiobresciaarquitetura.com.br\/index.php?rest_route=\/wp\/v2\/users\/1"}],"replies":[{"embeddable":true,"href":"https:\/\/fabiobresciaarquitetura.com.br\/index.php?rest_route=%2Fwp%2Fv2%2Fcomments&post=7"}],"version-history":[{"count":4,"href":"https:\/\/fabiobresciaarquitetura.com.br\/index.php?rest_route=\/wp\/v2\/pages\/7\/revisions"}],"predecessor-version":[{"id":525,"href":"https:\/\/fabiobresciaarquitetura.com.br\/index.php?rest_route=\/wp\/v2\/pages\/7\/revisions\/525"}],"wp:attachment":[{"href":"https:\/\/fabiobresciaarquitetura.com.br\/index.php?rest_route=%2Fwp%2Fv2%2Fmedia&parent=7"}],"curies":[{"name":"wp","href":"https:\/\/api.w.org\/{rel}","templated":true}]}}